{"id":3691,"date":"2025-06-17T19:18:13","date_gmt":"2025-06-17T19:18:13","guid":{"rendered":"https:\/\/aforeback.com\/en\/ponte-en-contacto-con\/"},"modified":"2025-09-23T20:13:55","modified_gmt":"2025-09-23T20:13:55","slug":"ponte-en-contacto-con","status":"publish","type":"page","link":"https:\/\/aforeback.com\/es\/ponte-en-contacto-con\/","title":{"rendered":"Contacta con nosotros"},"content":{"rendered":"\t\t<div data-elementor-type=\"wp-page\" data-elementor-id=\"3691\" class=\"elementor elementor-3691 elementor-3462\" data-elementor-post-type=\"page\">\n\t\t\t\t<div class=\"elementor-element elementor-element-6a304dfa e-flex e-con-boxed e-con e-parent\" data-id=\"6a304dfa\" data-element_type=\"container\" data-settings=\"{&quot;background_background&quot;:&quot;classic&quot;}\">\n\t\t\t\t\t<div class=\"e-con-inner\">\n\t\t\t\t<div class=\"elementor-element elementor-element-2bff0647 elementor-widget elementor-widget-heading\" data-id=\"2bff0647\" data-element_type=\"widget\" data-widget_type=\"heading.default\">\n\t\t\t\t<div class=\"elementor-widget-container\">\n\t\t\t\t\t<h5 class=\"elementor-heading-title elementor-size-default\">Ponte en contacto<\/h5>\t\t\t\t<\/div>\n\t\t\t\t<\/div>\n\t\t\t\t<div class=\"elementor-element elementor-element-297c78c2 elementor-widget elementor-widget-heading\" data-id=\"297c78c2\" data-element_type=\"widget\" data-widget_type=\"heading.default\">\n\t\t\t\t<div class=\"elementor-widget-container\">\n\t\t\t\t\t<h2 class=\"elementor-heading-title elementor-size-default\">Nuestro equipo jur\u00eddico est\u00e1 aqu\u00ed para ayudarte<\/h2>\t\t\t\t<\/div>\n\t\t\t\t<\/div>\n\t\t\t\t<div class=\"elementor-element elementor-element-e32dcf0 elementor-widget__width-initial elementor-widget elementor-widget-text-editor\" data-id=\"e32dcf0\" data-element_type=\"widget\" data-widget_type=\"text-editor.default\">\n\t\t\t\t<div class=\"elementor-widget-container\">\n\t\t\t\t\t\t\t\t\t<p>Estamos a un mensaje de distancia si tienes dudas sobre la recuperaci\u00f3n de tus fondos de Afore e Infonavit. Nuestro equipo jur\u00eddico se dedica a proporcionarte la informaci\u00f3n y la ayuda que necesitas para navegar por el proceso sin problemas.<\/p>\t\t\t\t\t\t\t\t<\/div>\n\t\t\t\t<\/div>\n\t\t\t\t<div class=\"elementor-element elementor-element-fdf7872 elementor-widget elementor-widget-heading\" data-id=\"fdf7872\" data-element_type=\"widget\" data-widget_type=\"heading.default\">\n\t\t\t\t<div class=\"elementor-widget-container\">\n\t\t\t\t\t<h2 class=\"elementor-heading-title elementor-size-default\">IMPORTANTE!:\u00a0 Este no es un servicio para mexicanos, si eres MEXICANO, por favor no contactarnos ya que este servicio no es para ti.<\/h2>\t\t\t\t<\/div>\n\t\t\t\t<\/div>\n\t\t\t\t\t<\/div>\n\t\t\t\t<\/div>\n\t\t<div class=\"elementor-element elementor-element-428fc009 e-flex e-con-boxed e-con e-parent\" data-id=\"428fc009\" data-element_type=\"container\">\n\t\t\t\t\t<div class=\"e-con-inner\">\n\t\t\t\t<div class=\"elementor-element elementor-element-4b9f5112 elementor-widget elementor-widget-heading\" data-id=\"4b9f5112\" data-element_type=\"widget\" data-widget_type=\"heading.default\">\n\t\t\t\t<div class=\"elementor-widget-container\">\n\t\t\t\t\t<h2 class=\"elementor-heading-title elementor-size-default\">Ponte en contacto<\/h2>\t\t\t\t<\/div>\n\t\t\t\t<\/div>\n\t\t<div class=\"elementor-element elementor-element-4b0a9476 e-flex e-con-boxed e-con e-child\" data-id=\"4b0a9476\" data-element_type=\"container\">\n\t\t\t\t\t<div class=\"e-con-inner\">\n\t\t<div class=\"elementor-element elementor-element-1512100f e-con-full e-flex e-con e-child\" data-id=\"1512100f\" data-element_type=\"container\">\n\t\t\t\t<div class=\"elementor-element elementor-element-6d17052e elementor-widget elementor-widget-text-editor\" data-id=\"6d17052e\" data-element_type=\"widget\" data-widget_type=\"text-editor.default\">\n\t\t\t\t<div class=\"elementor-widget-container\">\n\t\t\t\t\t\t\t\t\t<p>\u00bfNecesitas ayuda con tu recuperaci\u00f3n legal? Estamos a tu disposici\u00f3n. Ponte en contacto con nosotros cuando quieras, \u00a1y empecemos!<\/p><p>\u00a1IMPORTANTE!<\/p><p>Este no es un servicio para mexicanos<\/p>\t\t\t\t\t\t\t\t<\/div>\n\t\t\t\t<\/div>\n\t\t\t\t<div class=\"elementor-element elementor-element-93e1d67 elementor-widget elementor-widget-heading\" data-id=\"93e1d67\" data-element_type=\"widget\" data-widget_type=\"heading.default\">\n\t\t\t\t<div class=\"elementor-widget-container\">\n\t\t\t\t\t<h2 class=\"elementor-heading-title elementor-size-default\">IMPORTANTE!:\u00a0 Este no es un servicio para mexicanos, si eres MEXICANO, por favor no contactarnos ya que este servicio no es para ti.<\/h2>\t\t\t\t<\/div>\n\t\t\t\t<\/div>\n\t\t\t\t<div class=\"elementor-element elementor-element-514e602 elementor-tablet-align-left elementor-mobile-align-left elementor-icon-list--layout-traditional elementor-list-item-link-full_width elementor-widget elementor-widget-icon-list\" data-id=\"514e602\" data-element_type=\"widget\" data-widget_type=\"icon-list.default\">\n\t\t\t\t<div class=\"elementor-widget-container\">\n\t\t\t\t\t\t\t<ul class=\"elementor-icon-list-items\">\n\t\t\t\t\t\t\t<li class=\"elementor-icon-list-item\">\n\t\t\t\t\t\t\t\t\t\t\t<span class=\"elementor-icon-list-icon\">\n\t\t\t\t\t\t\t<svg aria-hidden=\"true\" class=\"e-font-icon-svg e-fas-mail-bulk\" viewBox=\"0 0 576 512\" xmlns=\"http:\/\/www.w3.org\/2000\/svg\"><path d=\"M160 448c-25.6 0-51.2-22.4-64-32-64-44.8-83.2-60.8-96-70.4V480c0 17.67 14.33 32 32 32h256c17.67 0 32-14.33 32-32V345.6c-12.8 9.6-32 25.6-96 70.4-12.8 9.6-38.4 32-64 32zm128-192H32c-17.67 0-32 14.33-32 32v16c25.6 19.2 22.4 19.2 115.2 86.4 9.6 6.4 28.8 25.6 44.8 25.6s35.2-19.2 44.8-22.4c92.8-67.2 89.6-67.2 115.2-86.4V288c0-17.67-14.33-32-32-32zm256-96H224c-17.67 0-32 14.33-32 32v32h96c33.21 0 60.59 25.42 63.71 57.82l.29-.22V416h192c17.67 0 32-14.33 32-32V192c0-17.67-14.33-32-32-32zm-32 128h-64v-64h64v64zm-352-96c0-35.29 28.71-64 64-64h224V32c0-17.67-14.33-32-32-32H96C78.33 0 64 14.33 64 32v192h96v-32z\"><\/path><\/svg>\t\t\t\t\t\t<\/span>\n\t\t\t\t\t\t\t\t\t\t<span class=\"elementor-icon-list-text\">aforeback.law@gmail.com<\/span>\n\t\t\t\t\t\t\t\t\t<\/li>\n\t\t\t\t\t\t\t\t<li class=\"elementor-icon-list-item\">\n\t\t\t\t\t\t\t\t\t\t\t<span class=\"elementor-icon-list-icon\">\n\t\t\t\t\t\t\t<svg aria-hidden=\"true\" class=\"e-font-icon-svg e-fas-map-marker-alt\" viewBox=\"0 0 384 512\" xmlns=\"http:\/\/www.w3.org\/2000\/svg\"><path d=\"M172.268 501.67C26.97 291.031 0 269.413 0 192 0 85.961 85.961 0 192 0s192 85.961 192 192c0 77.413-26.97 99.031-172.268 309.67-9.535 13.774-29.93 13.773-39.464 0zM192 272c44.183 0 80-35.817 80-80s-35.817-80-80-80-80 35.817-80 80 35.817 80 80 80z\"><\/path><\/svg>\t\t\t\t\t\t<\/span>\n\t\t\t\t\t\t\t\t\t\t<span class=\"elementor-icon-list-text\">Av. Paseos de la Reforma 333 piso 4 Int 413 CDMX<\/span>\n\t\t\t\t\t\t\t\t\t<\/li>\n\t\t\t\t\t\t<\/ul>\n\t\t\t\t\t\t<\/div>\n\t\t\t\t<\/div>\n\t\t\t\t<div class=\"elementor-element elementor-element-68ecfbf0 elementor-widget-divider--view-line elementor-widget elementor-widget-divider\" data-id=\"68ecfbf0\" data-element_type=\"widget\" data-widget_type=\"divider.default\">\n\t\t\t\t<div class=\"elementor-widget-container\">\n\t\t\t\t\t\t\t<div class=\"elementor-divider\">\n\t\t\t<span class=\"elementor-divider-separator\">\n\t\t\t\t\t\t<\/span>\n\t\t<\/div>\n\t\t\t\t\t\t<\/div>\n\t\t\t\t<\/div>\n\t\t\t\t<\/div>\n\t\t<div class=\"elementor-element elementor-element-3ecba6d9 e-con-full e-flex e-con e-child\" data-id=\"3ecba6d9\" data-element_type=\"container\">\n\t\t\t\t<div class=\"elementor-element elementor-element-5e9c6382 elementor-widget elementor-widget-google_maps\" data-id=\"5e9c6382\" data-element_type=\"widget\" data-widget_type=\"google_maps.default\">\n\t\t\t\t<div class=\"elementor-widget-container\">\n\t\t\t\t\t\t\t<div class=\"elementor-custom-embed\">\n\t\t\t<iframe loading=\"lazy\"\n\t\t\t\t\tsrc=\"https:\/\/maps.google.com\/maps?q=Av.%20Paseo%20de%20la%20Reforma%20No.%20333%20Piso%204%20Oficina%20413%20Municipio%20Cuauht%C3%A9moc%20C.P.%2006500&#038;t=m&#038;z=13&#038;output=embed&#038;iwloc=near\"\n\t\t\t\t\ttitle=\"Av. Paseo de la Reforma No. 333 Piso 4 Oficina 413 Municipio Cuauht\u00e9moc C.P. 06500\"\n\t\t\t\t\taria-label=\"Av. Paseo de la Reforma No. 333 Piso 4 Oficina 413 Municipio Cuauht\u00e9moc C.P. 06500\"\n\t\t\t><\/iframe>\n\t\t<\/div>\n\t\t\t\t\t\t<\/div>\n\t\t\t\t<\/div>\n\t\t\t\t<\/div>\n\t\t\t\t\t<\/div>\n\t\t\t\t<\/div>\n\t\t\t\t\t<\/div>\n\t\t\t\t<\/div>\n\t\t<div class=\"elementor-element elementor-element-13d02222 e-flex e-con-boxed e-con e-parent\" data-id=\"13d02222\" data-element_type=\"container\" data-settings=\"{&quot;background_background&quot;:&quot;classic&quot;}\">\n\t\t\t\t\t<div class=\"e-con-inner\">\n\t\t\t\t<div class=\"elementor-element elementor-element-213dacdd elementor-widget elementor-widget-heading\" data-id=\"213dacdd\" data-element_type=\"widget\" data-widget_type=\"heading.default\">\n\t\t\t\t<div class=\"elementor-widget-container\">\n\t\t\t\t\t<h2 class=\"elementor-heading-title elementor-size-default\">Estamos aqu\u00ed para ayudarte<\/h2>\t\t\t\t<\/div>\n\t\t\t\t<\/div>\n\t\t\t\t<div class=\"elementor-element elementor-element-2ac40407 elementor-widget elementor-widget-heading\" data-id=\"2ac40407\" data-element_type=\"widget\" data-widget_type=\"heading.default\">\n\t\t\t\t<div class=\"elementor-widget-container\">\n\t\t\t\t\t<h2 class=\"elementor-heading-title elementor-size-default\">Ponte en contacto<\/h2>\t\t\t\t<\/div>\n\t\t\t\t<\/div>\n\t\t\t\t<div class=\"elementor-element elementor-element-7a66983 elementor-widget elementor-widget-text-editor\" data-id=\"7a66983\" data-element_type=\"widget\" data-widget_type=\"text-editor.default\">\n\t\t\t\t<div class=\"elementor-widget-container\">\n\t\t\t\t\t\t\t\t\t<p>Si tienes preguntas o necesitas ayuda, env\u00edanos un mensaje. \u00a1Siempre estamos dispuestos a ayudar!<\/p><p>\u00a1IMPORTANTE!<\/p><p>Este no es un servicio para mexicanos.<\/p>\t\t\t\t\t\t\t\t<\/div>\n\t\t\t\t<\/div>\n\t\t\t\t<div class=\"elementor-element elementor-element-6416b24 elementor-widget elementor-widget-heading\" data-id=\"6416b24\" data-element_type=\"widget\" data-widget_type=\"heading.default\">\n\t\t\t\t<div class=\"elementor-widget-container\">\n\t\t\t\t\t<h2 class=\"elementor-heading-title elementor-size-default\">IMPORTANTE!:\u00a0 Este no es un servicio para mexicanos, si eres MEXICANO, por favor no contactarnos ya que este servicio no es para ti.<\/h2>\t\t\t\t<\/div>\n\t\t\t\t<\/div>\n\t\t<div class=\"elementor-element elementor-element-4decd9cd e-flex e-con-boxed e-con e-child\" data-id=\"4decd9cd\" data-element_type=\"container\">\n\t\t\t\t\t<div class=\"e-con-inner\">\n\t\t<div class=\"elementor-element elementor-element-674d4665 e-con-full e-flex e-con e-child\" data-id=\"674d4665\" data-element_type=\"container\">\n\t\t\t\t<div class=\"elementor-element elementor-element-6de3a73f elementor-mobile-button-align-stretch elementor-button-align-stretch elementor-widget elementor-widget-form\" data-id=\"6de3a73f\" data-element_type=\"widget\" data-settings=\"{&quot;step_next_label&quot;:&quot;Siguiente paso&quot;,&quot;step_previous_label&quot;:&quot;Paso anterior&quot;,&quot;button_width&quot;:&quot;100&quot;,&quot;step_type&quot;:&quot;number_text&quot;,&quot;step_icon_shape&quot;:&quot;circle&quot;}\" data-widget_type=\"form.default\">\n\t\t\t\t<div class=\"elementor-widget-container\">\n\t\t\t\t\t\t\t<form class=\"elementor-form\" method=\"post\" name=\"Formulario de contacto\" aria-label=\"Formulario de contacto\">\n\t\t\t<input type=\"hidden\" name=\"post_id\" value=\"3691\"\/>\n\t\t\t<input type=\"hidden\" name=\"form_id\" value=\"6de3a73f\"\/>\n\t\t\t<input type=\"hidden\" name=\"referer_title\" value=\"Contacta con nosotros\" \/>\n\n\t\t\t\t\t\t\t<input type=\"hidden\" name=\"queried_id\" value=\"3691\"\/>\n\t\t\t\n\t\t\t<div class=\"elementor-form-fields-wrapper elementor-labels-above\">\n\t\t\t\t\t\t\t\t<div class=\"elementor-field-type-text elementor-field-group elementor-column elementor-field-group-first_name elementor-col-50 elementor-field-required elementor-mark-required\">\n\t\t\t\t\t\t\t\t\t\t\t\t<label for=\"form-field-first_name\" class=\"elementor-field-label\">\n\t\t\t\t\t\t\t\tTu nombre\t\t\t\t\t\t\t<\/label>\n\t\t\t\t\t\t\t\t\t\t\t\t\t\t<input size=\"1\" type=\"text\" name=\"form_fields[first_name]\" id=\"form-field-first_name\" class=\"elementor-field elementor-size-sm  elementor-field-textual\" required=\"required\">\n\t\t\t\t\t\t\t\t\t\t\t<\/div>\n\t\t\t\t\t\t\t\t<div class=\"elementor-field-type-text elementor-field-group elementor-column elementor-field-group-last_name elementor-col-50 elementor-field-required elementor-mark-required\">\n\t\t\t\t\t\t\t\t\t\t\t\t<label for=\"form-field-last_name\" class=\"elementor-field-label\">\n\t\t\t\t\t\t\t\tTu apellido\t\t\t\t\t\t\t<\/label>\n\t\t\t\t\t\t\t\t\t\t\t\t\t\t<input size=\"1\" type=\"text\" name=\"form_fields[last_name]\" id=\"form-field-last_name\" class=\"elementor-field elementor-size-sm  elementor-field-textual\" required=\"required\">\n\t\t\t\t\t\t\t\t\t\t\t<\/div>\n\t\t\t\t\t\t\t\t<div class=\"elementor-field-type-email elementor-field-group elementor-column elementor-field-group-email_address elementor-col-50 elementor-field-required elementor-mark-required\">\n\t\t\t\t\t\t\t\t\t\t\t\t<label for=\"form-field-email_address\" class=\"elementor-field-label\">\n\t\t\t\t\t\t\t\tDirecci\u00f3n de correo electr\u00f3nico\t\t\t\t\t\t\t<\/label>\n\t\t\t\t\t\t\t\t\t\t\t\t\t\t<input size=\"1\" type=\"email\" name=\"form_fields[email_address]\" id=\"form-field-email_address\" class=\"elementor-field elementor-size-sm  elementor-field-textual\" required=\"required\">\n\t\t\t\t\t\t\t\t\t\t\t<\/div>\n\t\t\t\t\t\t\t\t<div class=\"elementor-field-type-select elementor-field-group elementor-column elementor-field-group-topic_selection elementor-col-50 elementor-field-required elementor-mark-required\">\n\t\t\t\t\t\t\t\t\t\t\t\t<label for=\"form-field-topic_selection\" class=\"elementor-field-label\">\n\t\t\t\t\t\t\t\t\u00bfA qu\u00e9 viene tu pregunta?\t\t\t\t\t\t\t<\/label>\n\t\t\t\t\t\t\t\t<div class=\"elementor-field elementor-select-wrapper remove-before \">\n\t\t\t<div class=\"select-caret-down-wrapper\">\n\t\t\t\t<svg aria-hidden=\"true\" class=\"e-font-icon-svg e-eicon-caret-down\" viewBox=\"0 0 571.4 571.4\" xmlns=\"http:\/\/www.w3.org\/2000\/svg\"><path d=\"M571 393Q571 407 561 418L311 668Q300 679 286 679T261 668L11 418Q0 407 0 393T11 368 36 357H536Q550 357 561 368T571 393Z\"><\/path><\/svg>\t\t\t<\/div>\n\t\t\t<select name=\"form_fields[topic_selection]\" id=\"form-field-topic_selection\" class=\"elementor-field-textual elementor-size-sm\" required=\"required\">\n\t\t\t\t\t\t\t\t\t<option value=\"Recuperaci\u00f3n de fondos\">Recuperaci\u00f3n de fondos<\/option>\n\t\t\t\t\t\t\t\t\t<option value=\"Proceso judicial\">Proceso judicial<\/option>\n\t\t\t\t\t\t\t\t\t<option value=\"Consulta general\">Consulta general<\/option>\n\t\t\t\t\t\t\t<\/select>\n\t\t<\/div>\n\t\t\t\t\t\t<\/div>\n\t\t\t\t\t\t\t\t<div class=\"elementor-field-type-radio elementor-field-group elementor-column elementor-field-group-business_type elementor-col-100 elementor-field-required elementor-mark-required\">\n\t\t\t\t\t\t\t\t\t\t\t\t<label for=\"form-field-business_type\" class=\"elementor-field-label\">\n\t\t\t\t\t\t\t\t\u00bfC\u00f3mo describir\u00edas tu situaci\u00f3n?\t\t\t\t\t\t\t<\/label>\n\t\t\t\t\t\t<div class=\"elementor-field-subgroup  elementor-subgroup-inline\"><span class=\"elementor-field-option\"><input type=\"radio\" value=\"Expatriado que vive en M\u00e9xico (se va pronto)\" id=\"form-field-business_type-0\" name=\"form_fields[business_type]\" required=\"required\"> <label for=\"form-field-business_type-0\">Expatriado que vive en M\u00e9xico (se va pronto)<\/label><\/span><span class=\"elementor-field-option\"><input type=\"radio\" value=\"Expatriado que vivi\u00f3 en M\u00e9xico (ya no vive all\u00ed)\" id=\"form-field-business_type-1\" name=\"form_fields[business_type]\" required=\"required\"> <label for=\"form-field-business_type-1\">Expatriado que vivi\u00f3 en M\u00e9xico (ya no vive all\u00ed)<\/label><\/span><\/div>\t\t\t\t<\/div>\n\t\t\t\t\t\t\t\t<div class=\"elementor-field-type-textarea elementor-field-group elementor-column elementor-field-group-user_message elementor-col-100 elementor-field-required elementor-mark-required\">\n\t\t\t\t\t\t\t\t\t\t\t\t<label for=\"form-field-user_message\" class=\"elementor-field-label\">\n\t\t\t\t\t\t\t\tTu mensaje\t\t\t\t\t\t\t<\/label>\n\t\t\t\t\t\t<textarea class=\"elementor-field-textual elementor-field  elementor-size-sm\" name=\"form_fields[user_message]\" id=\"form-field-user_message\" rows=\"4\" placeholder=\"Dinos c\u00f3mo podemos ayudarte. Este no es un servicio para mexicanos\" required=\"required\"><\/textarea>\t\t\t\t<\/div>\n\t\t\t\t\t\t\t\t<div class=\"elementor-field-type-recaptcha elementor-field-group elementor-column elementor-field-group-field_0147b9b elementor-col-100\">\n\t\t\t\t\t<div class=\"elementor-field\" id=\"form-field-field_0147b9b\"><div class=\"elementor-g-recaptcha\" data-sitekey=\"6LeaWH4rAAAAAMZWkknX3POEIZLgkoM_bnQMb9S0\" data-type=\"v2_checkbox\" data-theme=\"light\" data-size=\"normal\"><\/div><\/div>\t\t\t\t<\/div>\n\t\t\t\t\t\t\t\t<div class=\"elementor-field-group elementor-column elementor-field-type-submit elementor-col-100 e-form__buttons\">\n\t\t\t\t\t<button class=\"elementor-button elementor-size-sm\" type=\"submit\">\n\t\t\t\t\t\t<span class=\"elementor-button-content-wrapper\">\n\t\t\t\t\t\t\t\t\t\t\t\t\t\t\t\t\t\t\t\t\t\t<span class=\"elementor-button-text\">Enviar mensaje<\/span>\n\t\t\t\t\t\t\t\t\t\t\t\t\t<\/span>\n\t\t\t\t\t<\/button>\n\t\t\t\t<\/div>\n\t\t\t<\/div>\n\t\t<\/form>\n\t\t\t\t\t\t<\/div>\n\t\t\t\t<\/div>\n\t\t\t\t<\/div>\n\t\t<div class=\"elementor-element elementor-element-7065b03 e-con-full e-flex e-con e-child\" data-id=\"7065b03\" data-element_type=\"container\">\n\t\t<div class=\"elementor-element elementor-element-32ceb63 e-con-full e-flex e-con e-child\" data-id=\"32ceb63\" data-element_type=\"container\">\n\t\t\t\t<div class=\"elementor-element elementor-element-003473a elementor-widget elementor-widget-image\" data-id=\"003473a\" data-element_type=\"widget\" data-widget_type=\"image.default\">\n\t\t\t\t<div class=\"elementor-widget-container\">\n\t\t\t\t\t\t\t\t\t\t\t\t\t\t\t<img fetchpriority=\"high\" decoding=\"async\" width=\"1024\" height=\"698\" src=\"https:\/\/aforeback.com\/wp-content\/uploads\/2025\/06\/Captura-de-pantalla-2025-06-18-110353-1024x698.png\" class=\"attachment-large size-large wp-image-3574\" alt=\"\" srcset=\"https:\/\/aforeback.com\/wp-content\/uploads\/2025\/06\/Captura-de-pantalla-2025-06-18-110353-1024x698.png 1024w, https:\/\/aforeback.com\/wp-content\/uploads\/2025\/06\/Captura-de-pantalla-2025-06-18-110353-300x205.png 300w, https:\/\/aforeback.com\/wp-content\/uploads\/2025\/06\/Captura-de-pantalla-2025-06-18-110353-768x524.png 768w, https:\/\/aforeback.com\/wp-content\/uploads\/2025\/06\/Captura-de-pantalla-2025-06-18-110353.png 1094w\" sizes=\"(max-width: 1024px) 100vw, 1024px\" \/>\t\t\t\t\t\t\t\t\t\t\t\t\t\t\t<\/div>\n\t\t\t\t<\/div>\n\t\t\t\t<\/div>\n\t\t\t\t<\/div>\n\t\t\t\t\t<\/div>\n\t\t\t\t<\/div>\n\t\t\t\t<div class=\"elementor-element elementor-element-88fe82b elementor-widget elementor-widget-heading\" data-id=\"88fe82b\" data-element_type=\"widget\" data-widget_type=\"heading.default\">\n\t\t\t\t<div class=\"elementor-widget-container\">\n\t\t\t\t\t<h2 class=\"elementor-heading-title elementor-size-default\">IMPORTANTE!:\u00a0 Este no es un servicio para mexicanos, si eres MEXICANO, por favor no contactarnos ya que este servicio no es para ti.<\/h2>\t\t\t\t<\/div>\n\t\t\t\t<\/div>\n\t\t\t\t\t<\/div>\n\t\t\t\t<\/div>\n\t\t\t\t<\/div>\n\t\t","protected":false},"excerpt":{"rendered":"<p>Ponte en contacto Nuestro equipo jur\u00eddico est\u00e1 aqu\u00ed para ayudarte Estamos a un mensaje de distancia si tienes dudas sobre la recuperaci\u00f3n de tus fondos de Afore e Infonavit. Nuestro equipo jur\u00eddico se dedica a proporcionarte la informaci\u00f3n y la ayuda que necesitas para navegar por el proceso sin problemas. IMPORTANTE!:\u00a0 Este no es un [&hellip;]<\/p>\n","protected":false},"author":1,"featured_media":0,"parent":0,"menu_order":0,"comment_status":"closed","ping_status":"closed","template":"","meta":{"_uag_custom_page_level_css":"","footnotes":""},"class_list":["post-3691","page","type-page","status-publish","hentry"],"aioseo_notices":[],"uagb_featured_image_src":{"full":false,"thumbnail":false,"medium":false,"medium_large":false,"large":false,"1536x1536":false,"2048x2048":false,"single-post-featured":false,"single-post-featured@2x":false,"about-bottom":false,"about-bottom@2x":false,"about-hero":false,"about-hero@2x":false},"uagb_author_info":{"display_name":"vga@vegaguerrero.com","author_link":"https:\/\/aforeback.com\/es\/author\/vgavegaguerrero-com\/"},"uagb_comment_info":0,"uagb_excerpt":"Ponte en contacto Nuestro equipo jur\u00eddico est\u00e1 aqu\u00ed para ayudarte Estamos a un mensaje de distancia si tienes dudas sobre la recuperaci\u00f3n de tus fondos de Afore e Infonavit. Nuestro equipo jur\u00eddico se dedica a proporcionarte la informaci\u00f3n y la ayuda que necesitas para navegar por el proceso sin problemas. IMPORTANTE!:\u00a0 Este no es un&hellip;","_links":{"self":[{"href":"https:\/\/aforeback.com\/es\/wp-json\/wp\/v2\/pages\/3691","targetHints":{"allow":["GET"]}}],"collection":[{"href":"https:\/\/aforeback.com\/es\/wp-json\/wp\/v2\/pages"}],"about":[{"href":"https:\/\/aforeback.com\/es\/wp-json\/wp\/v2\/types\/page"}],"author":[{"embeddable":true,"href":"https:\/\/aforeback.com\/es\/wp-json\/wp\/v2\/users\/1"}],"replies":[{"embeddable":true,"href":"https:\/\/aforeback.com\/es\/wp-json\/wp\/v2\/comments?post=3691"}],"version-history":[{"count":17,"href":"https:\/\/aforeback.com\/es\/wp-json\/wp\/v2\/pages\/3691\/revisions"}],"predecessor-version":[{"id":3908,"href":"https:\/\/aforeback.com\/es\/wp-json\/wp\/v2\/pages\/3691\/revisions\/3908"}],"wp:attachment":[{"href":"https:\/\/aforeback.com\/es\/wp-json\/wp\/v2\/media?parent=3691"}],"curies":[{"name":"wp","href":"https:\/\/api.w.org\/{rel}","templated":true}]}}