{"id":3695,"date":"2025-06-17T19:18:09","date_gmt":"2025-06-17T19:18:09","guid":{"rendered":"https:\/\/aforeback.com\/en\/acerca-de-afore-e-infonavit\/"},"modified":"2025-07-31T19:54:43","modified_gmt":"2025-07-31T19:54:43","slug":"acerca-de-afore-e-infonavit","status":"publish","type":"page","link":"https:\/\/aforeback.com\/es\/acerca-de-afore-e-infonavit\/","title":{"rendered":"Acerca de AFORE e INFONAVIT"},"content":{"rendered":"\t\t<div data-elementor-type=\"wp-page\" data-elementor-id=\"3695\" class=\"elementor elementor-3695 elementor-3450\" data-elementor-post-type=\"page\">\n\t\t\t\t<div class=\"elementor-element elementor-element-121425ad e-flex e-con-boxed e-con e-parent\" data-id=\"121425ad\" data-element_type=\"container\" data-settings=\"{&quot;background_background&quot;:&quot;classic&quot;}\">\n\t\t\t\t\t<div class=\"e-con-inner\">\n\t\t<div class=\"elementor-element elementor-element-45fe767d e-con-full e-flex e-con e-child\" data-id=\"45fe767d\" data-element_type=\"container\">\n\t\t\t\t<div class=\"elementor-element elementor-element-27451edf elementor-widget__width-initial elementor-widget elementor-widget-heading\" data-id=\"27451edf\" data-element_type=\"widget\" data-widget_type=\"heading.default\">\n\t\t\t\t<div class=\"elementor-widget-container\">\n\t\t\t\t\t<h2 class=\"elementor-heading-title elementor-size-default\">Comprender las AFORE y el INFONAVIT<\/h2>\t\t\t\t<\/div>\n\t\t\t\t<\/div>\n\t\t\t\t<\/div>\n\t\t\t\t<div class=\"elementor-element elementor-element-72845d6 elementor-widget elementor-widget-text-editor\" data-id=\"72845d6\" data-element_type=\"widget\" data-widget_type=\"text-editor.default\">\n\t\t\t\t<div class=\"elementor-widget-container\">\n\t\t\t\t\t\t\t\t\t<p>Estamos aqu\u00ed para ayudar a los expatriados a navegar por el complejo mundo de las AFORE y el INFONAVIT, asegur\u00e1ndonos de que recuperes tus fondos con facilidad y eficacia.<\/p>\t\t\t\t\t\t\t\t<\/div>\n\t\t\t\t<\/div>\n\t\t\t\t<div class=\"elementor-element elementor-element-c05cbfc elementor-widget elementor-widget-heading\" data-id=\"c05cbfc\" data-element_type=\"widget\" data-widget_type=\"heading.default\">\n\t\t\t\t<div class=\"elementor-widget-container\">\n\t\t\t\t\t<h2 class=\"elementor-heading-title elementor-size-default\">IMPORTANTE!:\u00a0 Este no es un servicio para mexicanos, si eres MEXICANO, por favor no contactarnos ya que este servicio no es para ti.<\/h2>\t\t\t\t<\/div>\n\t\t\t\t<\/div>\n\t\t\t\t\t<\/div>\n\t\t\t\t<\/div>\n\t\t<div class=\"elementor-element elementor-element-43ffc145 e-flex e-con-boxed e-con e-parent\" data-id=\"43ffc145\" data-element_type=\"container\">\n\t\t\t\t\t<div class=\"e-con-inner\">\n\t\t<div class=\"elementor-element elementor-element-439a4d7d e-con-full e-flex e-con e-child\" data-id=\"439a4d7d\" data-element_type=\"container\">\n\t\t\t\t<div class=\"elementor-element elementor-element-29cb88d8 elementor-widget elementor-widget-heading\" data-id=\"29cb88d8\" data-element_type=\"widget\" data-widget_type=\"heading.default\">\n\t\t\t\t<div class=\"elementor-widget-container\">\n\t\t\t\t\t<h2 class=\"elementor-heading-title elementor-size-default\">Comprender las AFORE<\/h2>\t\t\t\t<\/div>\n\t\t\t\t<\/div>\n\t\t\t\t<div class=\"elementor-element elementor-element-792adf5b elementor-widget elementor-widget-text-editor\" data-id=\"792adf5b\" data-element_type=\"widget\" data-widget_type=\"text-editor.default\">\n\t\t\t\t<div class=\"elementor-widget-container\">\n\t\t\t\t\t\t\t\t\t<p>AFORE son las siglas del Fondo de Ahorro para el Retiro de los trabajadores en M\u00e9xico. Es crucial para los expatriados, ya que te ayuda a recuperar ahorros que de otro modo podr\u00edan permanecer inaccesibles. Al navegar eficientemente por el sistema AFORE, los expatriados pueden asegurar sus fondos de jubilaci\u00f3n, garantizando estabilidad financiera y tranquilidad.  <\/p>\t\t\t\t\t\t\t\t<\/div>\n\t\t\t\t<\/div>\n\t\t\t\t<\/div>\n\t\t<div class=\"elementor-element elementor-element-35771296 e-con-full e-flex e-con e-child\" data-id=\"35771296\" data-element_type=\"container\">\n\t\t\t\t<div class=\"elementor-element elementor-element-7a8ecf1f elementor-widget elementor-widget-heading\" data-id=\"7a8ecf1f\" data-element_type=\"widget\" data-widget_type=\"heading.default\">\n\t\t\t\t<div class=\"elementor-widget-container\">\n\t\t\t\t\t<h2 class=\"elementor-heading-title elementor-size-default\">Por qu\u00e9 es importante<\/h2>\t\t\t\t<\/div>\n\t\t\t\t<\/div>\n\t\t\t\t<div class=\"elementor-element elementor-element-2024f0fc elementor-widget elementor-widget-text-editor\" data-id=\"2024f0fc\" data-element_type=\"widget\" data-widget_type=\"text-editor.default\">\n\t\t\t\t<div class=\"elementor-widget-container\">\n\t\t\t\t\t\t\t\t\t<p>Acceder a tus AFORE puede mejorar significativamente tu situaci\u00f3n financiera. No se trata s\u00f3lo de recuperar fondos; se trata de aprovechar esos recursos para mejorar tu calidad de vida. Nuestro despacho se dedica a guiar a los expatriados a trav\u00e9s del proceso, simplificando el acceso a tus ahorros ganados con tanto esfuerzo.  <\/p>\t\t\t\t\t\t\t\t<\/div>\n\t\t\t\t<\/div>\n\t\t\t\t<\/div>\n\t\t\t\t\t<\/div>\n\t\t\t\t<\/div>\n\t\t<div class=\"elementor-element elementor-element-7bcf161 e-flex e-con-boxed e-con e-parent\" data-id=\"7bcf161\" data-element_type=\"container\">\n\t\t\t\t\t<div class=\"e-con-inner\">\n\t\t<div class=\"elementor-element elementor-element-28e7dbff e-con-full e-flex e-con e-child\" data-id=\"28e7dbff\" data-element_type=\"container\">\n\t\t\t\t<div class=\"elementor-element elementor-element-52a8e09d elementor-widget elementor-widget-heading\" data-id=\"52a8e09d\" data-element_type=\"widget\" data-widget_type=\"heading.default\">\n\t\t\t\t<div class=\"elementor-widget-container\">\n\t\t\t\t\t<h2 class=\"elementor-heading-title elementor-size-default\">\u00bfQu\u00e9 es el INFONAVIT?<\/h2>\t\t\t\t<\/div>\n\t\t\t\t<\/div>\n\t\t\t\t<div class=\"elementor-element elementor-element-4d8cd823 elementor-widget elementor-widget-text-editor\" data-id=\"4d8cd823\" data-element_type=\"widget\" data-widget_type=\"text-editor.default\">\n\t\t\t\t<div class=\"elementor-widget-container\">\n\t\t\t\t\t\t\t\t\t<p>El INFONAVIT, o Fondo Nacional de la Vivienda para los Trabajadores en M\u00e9xico, desempe\u00f1a un papel vital para ayudar a los expatriados a recuperar fondos para la vivienda. Ofrece diversos servicios, como asistencia hipotecaria y acceso a pr\u00e9stamos para vivienda. Para los expatriados, conocer estas opciones puede ser crucial para su seguridad financiera mientras viven en el extranjero.  <\/p>\t\t\t\t\t\t\t\t<\/div>\n\t\t\t\t<\/div>\n\t\t\t\t<\/div>\n\t\t<div class=\"elementor-element elementor-element-7083e694 e-con-full e-flex e-con e-child\" data-id=\"7083e694\" data-element_type=\"container\">\n\t\t\t\t<div class=\"elementor-element elementor-element-6dbf2b24 elementor-widget elementor-widget-heading\" data-id=\"6dbf2b24\" data-element_type=\"widget\" data-widget_type=\"heading.default\">\n\t\t\t\t<div class=\"elementor-widget-container\">\n\t\t\t\t\t<h2 class=\"elementor-heading-title elementor-size-default\">C\u00f3mo te ayuda el INFONAVIT<\/h2>\t\t\t\t<\/div>\n\t\t\t\t<\/div>\n\t\t\t\t<div class=\"elementor-element elementor-element-20e80b68 elementor-widget elementor-widget-text-editor\" data-id=\"20e80b68\" data-element_type=\"widget\" data-widget_type=\"text-editor.default\">\n\t\t\t\t<div class=\"elementor-widget-container\">\n\t\t\t\t\t\t\t\t\t<p>Al utilizar el INFONAVIT, los expatriados pueden aprovechar los fondos potenciales de sus contribuciones en M\u00e9xico. Esto incluye acceder a pr\u00e9stamos para la compra de propiedades, renovaciones o incluso nuevos proyectos de vivienda. Est\u00e1 dise\u00f1ado para ayudar tanto a los trabajadores mexicanos como a los expatriados a conseguir una vivienda estable, facilitando su asentamiento en sus nuevos entornos.  <\/p>\t\t\t\t\t\t\t\t<\/div>\n\t\t\t\t<\/div>\n\t\t\t\t<\/div>\n\t\t\t\t\t<\/div>\n\t\t\t\t<\/div>\n\t\t<div class=\"elementor-element elementor-element-58a3954d e-con-full e-flex e-con e-parent\" data-id=\"58a3954d\" data-element_type=\"container\" data-settings=\"{&quot;background_background&quot;:&quot;classic&quot;}\">\n\t\t<div class=\"elementor-element elementor-element-1b6a23cb e-con-full e-flex e-con e-child\" data-id=\"1b6a23cb\" data-element_type=\"container\" data-settings=\"{&quot;background_background&quot;:&quot;classic&quot;}\">\n\t\t\t\t<div class=\"elementor-element elementor-element-1f3c1fef elementor-widget elementor-widget-heading\" data-id=\"1f3c1fef\" data-element_type=\"widget\" data-widget_type=\"heading.default\">\n\t\t\t\t<div class=\"elementor-widget-container\">\n\t\t\t\t\t<h5 class=\"elementor-heading-title elementor-size-default\">Servicios para EXPATRIADOS<\/h5>\t\t\t\t<\/div>\n\t\t\t\t<\/div>\n\t\t\t\t<div class=\"elementor-element elementor-element-361585ab elementor-widget elementor-widget-heading\" data-id=\"361585ab\" data-element_type=\"widget\" data-widget_type=\"heading.default\">\n\t\t\t\t<div class=\"elementor-widget-container\">\n\t\t\t\t\t<h2 class=\"elementor-heading-title elementor-size-default\">\u00bfPor qu\u00e9 elegir a nuestro equipo jur\u00eddico?<\/h2>\t\t\t\t<\/div>\n\t\t\t\t<\/div>\n\t\t\t\t<\/div>\n\t\t<div class=\"elementor-element elementor-element-144c4944 e-con-full e-flex e-con e-child\" data-id=\"144c4944\" data-element_type=\"container\">\n\t\t\t\t<div class=\"elementor-element elementor-element-2229ea3a elementor-tablet-position-top elementor-widget__width-initial elementor-widget-tablet__width-initial elementor-view-default elementor-position-top elementor-mobile-position-top elementor-widget elementor-widget-icon-box\" data-id=\"2229ea3a\" data-element_type=\"widget\" data-widget_type=\"icon-box.default\">\n\t\t\t\t<div class=\"elementor-widget-container\">\n\t\t\t\t\t\t\t<div class=\"elementor-icon-box-wrapper\">\n\n\t\t\t\t\t\t<div class=\"elementor-icon-box-icon\">\n\t\t\t\t<span  class=\"elementor-icon\">\n\t\t\t\t<svg aria-hidden=\"true\" class=\"e-font-icon-svg e-fas-star\" viewBox=\"0 0 576 512\" xmlns=\"http:\/\/www.w3.org\/2000\/svg\"><path d=\"M259.3 17.8L194 150.2 47.9 171.5c-26.2 3.8-36.7 36.1-17.7 54.6l105.7 103-25 145.5c-4.5 26.3 23.2 46 46.4 33.7L288 439.6l130.7 68.7c23.2 12.2 50.9-7.4 46.4-33.7l-25-145.5 105.7-103c19-18.5 8.5-50.8-17.7-54.6L382 150.2 316.7 17.8c-11.7-23.6-45.6-23.9-57.4 0z\"><\/path><\/svg>\t\t\t\t<\/span>\n\t\t\t<\/div>\n\t\t\t\n\t\t\t\t\t\t<div class=\"elementor-icon-box-content\">\n\n\t\t\t\t\t\t\t\t\t<h3 class=\"elementor-icon-box-title\">\n\t\t\t\t\t\t<span  >\n\t\t\t\t\t\t\tOrientaci\u00f3n experta\t\t\t\t\t\t<\/span>\n\t\t\t\t\t<\/h3>\n\t\t\t\t\n\t\t\t\t\t\t\t\t\t<p class=\"elementor-icon-box-description\">\n\t\t\t\t\t\tObt\u00e9n asesoramiento jur\u00eddico personalizado para ayudarte a navegar por las complejidades de la recuperaci\u00f3n de tus fondos.\t\t\t\t\t<\/p>\n\t\t\t\t\n\t\t\t<\/div>\n\t\t\t\n\t\t<\/div>\n\t\t\t\t\t\t<\/div>\n\t\t\t\t<\/div>\n\t\t\t\t<div class=\"elementor-element elementor-element-3b4f9ede elementor-tablet-position-top elementor-widget__width-initial elementor-widget-tablet__width-initial elementor-view-default elementor-position-top elementor-mobile-position-top elementor-widget elementor-widget-icon-box\" data-id=\"3b4f9ede\" data-element_type=\"widget\" data-widget_type=\"icon-box.default\">\n\t\t\t\t<div class=\"elementor-widget-container\">\n\t\t\t\t\t\t\t<div class=\"elementor-icon-box-wrapper\">\n\n\t\t\t\t\t\t<div class=\"elementor-icon-box-icon\">\n\t\t\t\t<span  class=\"elementor-icon\">\n\t\t\t\t<svg aria-hidden=\"true\" class=\"e-font-icon-svg e-fas-star\" viewBox=\"0 0 576 512\" xmlns=\"http:\/\/www.w3.org\/2000\/svg\"><path d=\"M259.3 17.8L194 150.2 47.9 171.5c-26.2 3.8-36.7 36.1-17.7 54.6l105.7 103-25 145.5c-4.5 26.3 23.2 46 46.4 33.7L288 439.6l130.7 68.7c23.2 12.2 50.9-7.4 46.4-33.7l-25-145.5 105.7-103c19-18.5 8.5-50.8-17.7-54.6L382 150.2 316.7 17.8c-11.7-23.6-45.6-23.9-57.4 0z\"><\/path><\/svg>\t\t\t\t<\/span>\n\t\t\t<\/div>\n\t\t\t\n\t\t\t\t\t\t<div class=\"elementor-icon-box-content\">\n\n\t\t\t\t\t\t\t\t\t<h3 class=\"elementor-icon-box-title\">\n\t\t\t\t\t\t<span  >\n\t\t\t\t\t\t\tProceso r\u00e1pido\t\t\t\t\t\t<\/span>\n\t\t\t\t\t<\/h3>\n\t\t\t\t\n\t\t\t\t\t\t\t\t\t<p class=\"elementor-icon-box-description\">\n\t\t\t\t\t\tNuestros procedimientos simplificados garantizan que recibas tus fondos sin retrasos innecesarios.\t\t\t\t\t<\/p>\n\t\t\t\t\n\t\t\t<\/div>\n\t\t\t\n\t\t<\/div>\n\t\t\t\t\t\t<\/div>\n\t\t\t\t<\/div>\n\t\t\t\t<div class=\"elementor-element elementor-element-39d6305a elementor-tablet-position-top elementor-widget__width-initial elementor-widget-tablet__width-initial elementor-view-default elementor-position-top elementor-mobile-position-top elementor-widget elementor-widget-icon-box\" data-id=\"39d6305a\" data-element_type=\"widget\" data-widget_type=\"icon-box.default\">\n\t\t\t\t<div class=\"elementor-widget-container\">\n\t\t\t\t\t\t\t<div class=\"elementor-icon-box-wrapper\">\n\n\t\t\t\t\t\t<div class=\"elementor-icon-box-icon\">\n\t\t\t\t<span  class=\"elementor-icon\">\n\t\t\t\t<svg aria-hidden=\"true\" class=\"e-font-icon-svg e-fas-star\" viewBox=\"0 0 576 512\" xmlns=\"http:\/\/www.w3.org\/2000\/svg\"><path d=\"M259.3 17.8L194 150.2 47.9 171.5c-26.2 3.8-36.7 36.1-17.7 54.6l105.7 103-25 145.5c-4.5 26.3 23.2 46 46.4 33.7L288 439.6l130.7 68.7c23.2 12.2 50.9-7.4 46.4-33.7l-25-145.5 105.7-103c19-18.5 8.5-50.8-17.7-54.6L382 150.2 316.7 17.8c-11.7-23.6-45.6-23.9-57.4 0z\"><\/path><\/svg>\t\t\t\t<\/span>\n\t\t\t<\/div>\n\t\t\t\n\t\t\t\t\t\t<div class=\"elementor-icon-box-content\">\n\n\t\t\t\t\t\t\t\t\t<h3 class=\"elementor-icon-box-title\">\n\t\t\t\t\t\t<span  >\n\t\t\t\t\t\t\tSoporte dedicado\t\t\t\t\t\t<\/span>\n\t\t\t\t\t<\/h3>\n\t\t\t\t\n\t\t\t\t\t\t\t\t\t<p class=\"elementor-icon-box-description\">\n\t\t\t\t\t\tNuestro amable equipo est\u00e1 aqu\u00ed para responder a todas tus preguntas y guiarte en cada paso del camino.\t\t\t\t\t<\/p>\n\t\t\t\t\n\t\t\t<\/div>\n\t\t\t\n\t\t<\/div>\n\t\t\t\t\t\t<\/div>\n\t\t\t\t<\/div>\n\t\t\t\t<div class=\"elementor-element elementor-element-7079692d elementor-tablet-position-top elementor-widget__width-initial elementor-widget-tablet__width-initial elementor-view-default elementor-position-top elementor-mobile-position-top elementor-widget elementor-widget-icon-box\" data-id=\"7079692d\" data-element_type=\"widget\" data-widget_type=\"icon-box.default\">\n\t\t\t\t<div class=\"elementor-widget-container\">\n\t\t\t\t\t\t\t<div class=\"elementor-icon-box-wrapper\">\n\n\t\t\t\t\t\t<div class=\"elementor-icon-box-icon\">\n\t\t\t\t<span  class=\"elementor-icon\">\n\t\t\t\t<svg aria-hidden=\"true\" class=\"e-font-icon-svg e-fas-star\" viewBox=\"0 0 576 512\" xmlns=\"http:\/\/www.w3.org\/2000\/svg\"><path d=\"M259.3 17.8L194 150.2 47.9 171.5c-26.2 3.8-36.7 36.1-17.7 54.6l105.7 103-25 145.5c-4.5 26.3 23.2 46 46.4 33.7L288 439.6l130.7 68.7c23.2 12.2 50.9-7.4 46.4-33.7l-25-145.5 105.7-103c19-18.5 8.5-50.8-17.7-54.6L382 150.2 316.7 17.8c-11.7-23.6-45.6-23.9-57.4 0z\"><\/path><\/svg>\t\t\t\t<\/span>\n\t\t\t<\/div>\n\t\t\t\n\t\t\t\t\t\t<div class=\"elementor-icon-box-content\">\n\n\t\t\t\t\t\t\t\t\t<h3 class=\"elementor-icon-box-title\">\n\t\t\t\t\t\t<span  >\n\t\t\t\t\t\t\tPerspectivas locales\t\t\t\t\t\t<\/span>\n\t\t\t\t\t<\/h3>\n\t\t\t\t\n\t\t\t\t\t\t\t\t\t<p class=\"elementor-icon-box-description\">\n\t\t\t\t\t\tBenef\u00edciate de nuestro conocimiento de la normativa local y de las oportunidades adaptadas a los expatriados.\t\t\t\t\t<\/p>\n\t\t\t\t\n\t\t\t<\/div>\n\t\t\t\n\t\t<\/div>\n\t\t\t\t\t\t<\/div>\n\t\t\t\t<\/div>\n\t\t\t\t<\/div>\n\t\t\t\t<div class=\"elementor-element elementor-element-52ed62d elementor-widget elementor-widget-heading\" data-id=\"52ed62d\" data-element_type=\"widget\" data-widget_type=\"heading.default\">\n\t\t\t\t<div class=\"elementor-widget-container\">\n\t\t\t\t\t<h2 class=\"elementor-heading-title elementor-size-default\">IMPORTANTE!:\u00a0 Este no es un servicio para mexicanos, si eres MEXICANO, por favor no contactarnos ya que este servicio no es para ti.<\/h2>\t\t\t\t<\/div>\n\t\t\t\t<\/div>\n\t\t\t\t<\/div>\n\t\t<div class=\"elementor-element elementor-element-57bc4ebb e-flex e-con-boxed e-con e-parent\" data-id=\"57bc4ebb\" data-element_type=\"container\" data-settings=\"{&quot;background_background&quot;:&quot;classic&quot;}\">\n\t\t\t\t\t<div class=\"e-con-inner\">\n\t\t<div class=\"elementor-element elementor-element-2469fa2b e-flex e-con-boxed e-con e-child\" data-id=\"2469fa2b\" data-element_type=\"container\" data-settings=\"{&quot;background_background&quot;:&quot;classic&quot;}\">\n\t\t\t\t\t<div class=\"e-con-inner\">\n\t\t\t\t<div class=\"elementor-element elementor-element-f346fc1 elementor-widget elementor-widget-heading\" data-id=\"f346fc1\" data-element_type=\"widget\" data-widget_type=\"heading.default\">\n\t\t\t\t<div class=\"elementor-widget-container\">\n\t\t\t\t\t<h2 class=\"elementor-heading-title elementor-size-default\">\u00bfListo para reclamar tus fondos?<\/h2>\t\t\t\t<\/div>\n\t\t\t\t<\/div>\n\t\t\t\t<div class=\"elementor-element elementor-element-7f38ea9 elementor-widget elementor-widget-text-editor\" data-id=\"7f38ea9\" data-element_type=\"widget\" data-widget_type=\"text-editor.default\">\n\t\t\t\t<div class=\"elementor-widget-container\">\n\t\t\t\t\t\t\t\t\t<p>Si eres un expatriado que se siente abrumado por los procesos de recuperaci\u00f3n legal, estamos aqu\u00ed para ayudarte. Ponte en contacto con nosotros para recibir apoyo y orientaci\u00f3n personalizados. <\/p>\t\t\t\t\t\t\t\t<\/div>\n\t\t\t\t<\/div>\n\t\t\t\t<div class=\"elementor-element elementor-element-ced576a elementor-widget elementor-widget-heading\" data-id=\"ced576a\" data-element_type=\"widget\" data-widget_type=\"heading.default\">\n\t\t\t\t<div class=\"elementor-widget-container\">\n\t\t\t\t\t<h2 class=\"elementor-heading-title elementor-size-default\">IMPORTANTE!:\u00a0 Este no es un servicio para mexicanos, si eres MEXICANO, por favor no contactarnos ya que este servicio no es para ti.<\/h2>\t\t\t\t<\/div>\n\t\t\t\t<\/div>\n\t\t\t\t<div class=\"elementor-element elementor-element-9996bee elementor-mobile-button-align-stretch elementor-button-align-stretch elementor-widget elementor-widget-form\" data-id=\"9996bee\" data-element_type=\"widget\" data-settings=\"{&quot;button_width&quot;:&quot;30&quot;,&quot;step_next_label&quot;:&quot;Submit&quot;,&quot;step_previous_label&quot;:&quot;Back&quot;,&quot;button_width_tablet&quot;:&quot;40&quot;,&quot;button_width_mobile&quot;:&quot;100&quot;,&quot;step_type&quot;:&quot;number_text&quot;,&quot;step_icon_shape&quot;:&quot;circle&quot;}\" data-widget_type=\"form.default\">\n\t\t\t\t<div class=\"elementor-widget-container\">\n\t\t\t\t\t\t\t<form class=\"elementor-form\" method=\"post\" name=\"Contact Form\" aria-label=\"Contact Form\">\n\t\t\t<input type=\"hidden\" name=\"post_id\" value=\"3695\"\/>\n\t\t\t<input type=\"hidden\" name=\"form_id\" value=\"9996bee\"\/>\n\t\t\t<input type=\"hidden\" name=\"referer_title\" value=\"Acerca de AFORE e INFONAVIT\" \/>\n\n\t\t\t\t\t\t\t<input type=\"hidden\" name=\"queried_id\" value=\"3695\"\/>\n\t\t\t\n\t\t\t<div class=\"elementor-form-fields-wrapper elementor-labels-above\">\n\t\t\t\t\t\t\t\t<div class=\"elementor-field-type-text elementor-field-group elementor-column elementor-field-group-field_8b9a7e0 elementor-col-50 elementor-md-60 elementor-field-required elementor-mark-required\">\n\t\t\t\t\t\t\t\t\t\t\t\t<label for=\"form-field-field_8b9a7e0\" class=\"elementor-field-label\">\n\t\t\t\t\t\t\t\tNombre\t\t\t\t\t\t\t<\/label>\n\t\t\t\t\t\t\t\t\t\t\t\t\t\t<input size=\"1\" type=\"text\" name=\"form_fields[field_8b9a7e0]\" id=\"form-field-field_8b9a7e0\" class=\"elementor-field elementor-size-sm  elementor-field-textual\" placeholder=\"Nombre\" required=\"required\">\n\t\t\t\t\t\t\t\t\t\t\t<\/div>\n\t\t\t\t\t\t\t\t<div class=\"elementor-field-type-email elementor-field-group elementor-column elementor-field-group-name elementor-col-50 elementor-md-60 elementor-field-required elementor-mark-required\">\n\t\t\t\t\t\t\t\t\t\t\t\t<label for=\"form-field-name\" class=\"elementor-field-label\">\n\t\t\t\t\t\t\t\tCorreo\t\t\t\t\t\t\t<\/label>\n\t\t\t\t\t\t\t\t\t\t\t\t\t\t<input size=\"1\" type=\"email\" name=\"form_fields[name]\" id=\"form-field-name\" class=\"elementor-field elementor-size-sm  elementor-field-textual\" placeholder=\"Correo\" required=\"required\">\n\t\t\t\t\t\t\t\t\t\t\t<\/div>\n\t\t\t\t\t\t\t\t<div class=\"elementor-field-type-text elementor-field-group elementor-column elementor-field-group-field_0dcb0b6 elementor-col-100 elementor-md-60 elementor-field-required elementor-mark-required\">\n\t\t\t\t\t\t\t\t\t\t\t\t<label for=\"form-field-field_0dcb0b6\" class=\"elementor-field-label\">\n\t\t\t\t\t\t\t\tSabes cu\u00e1nto tienes en tu AFORE?\t\t\t\t\t\t\t<\/label>\n\t\t\t\t\t\t\t\t\t\t\t\t\t\t<input size=\"1\" type=\"text\" name=\"form_fields[field_0dcb0b6]\" id=\"form-field-field_0dcb0b6\" class=\"elementor-field elementor-size-sm  elementor-field-textual\" placeholder=\"Sabes cu\u00e1nto tienes en tu AFORE?\" required=\"required\">\n\t\t\t\t\t\t\t\t\t\t\t<\/div>\n\t\t\t\t\t\t\t\t<div class=\"elementor-field-type-text elementor-field-group elementor-column elementor-field-group-field_e8d7ac7 elementor-col-50 elementor-md-60 elementor-field-required elementor-mark-required\">\n\t\t\t\t\t\t\t\t\t\t\t\t<label for=\"form-field-field_e8d7ac7\" class=\"elementor-field-label\">\n\t\t\t\t\t\t\t\tCu\u00e1l es tu nacionalidad? Este no es un servicio para mexicanos\t\t\t\t\t\t\t<\/label>\n\t\t\t\t\t\t\t\t\t\t\t\t\t\t<input size=\"1\" type=\"text\" name=\"form_fields[field_e8d7ac7]\" id=\"form-field-field_e8d7ac7\" class=\"elementor-field elementor-size-sm  elementor-field-textual\" placeholder=\"Este no es un servicio para mexicanos\" required=\"required\">\n\t\t\t\t\t\t\t\t\t\t\t<\/div>\n\t\t\t\t\t\t\t\t<div class=\"elementor-field-type-text elementor-field-group elementor-column elementor-field-group-field_4933032 elementor-col-50 elementor-md-60 elementor-field-required elementor-mark-required\">\n\t\t\t\t\t\t\t\t\t\t\t\t<label for=\"form-field-field_4933032\" class=\"elementor-field-label\">\n\t\t\t\t\t\t\t\tCu\u00e1nto tiempo viviste en M\u00e9xico?\t\t\t\t\t\t\t<\/label>\n\t\t\t\t\t\t\t\t\t\t\t\t\t\t<input size=\"1\" type=\"text\" name=\"form_fields[field_4933032]\" id=\"form-field-field_4933032\" class=\"elementor-field elementor-size-sm  elementor-field-textual\" placeholder=\"Cu\u00e1nto tiempo viviste en M\u00e9xico\" required=\"required\">\n\t\t\t\t\t\t\t\t\t\t\t<\/div>\n\t\t\t\t\t\t\t\t<div class=\"elementor-field-type-text elementor-field-group elementor-column elementor-field-group-field_270f47d elementor-col-100 elementor-field-required elementor-mark-required\">\n\t\t\t\t\t\t\t\t\t\t\t\t<label for=\"form-field-field_270f47d\" class=\"elementor-field-label\">\n\t\t\t\t\t\t\t\tDinos m\u00e1s sobre tu situaci\u00f3n\t\t\t\t\t\t\t<\/label>\n\t\t\t\t\t\t\t\t\t\t\t\t\t\t<input size=\"1\" type=\"text\" name=\"form_fields[field_270f47d]\" id=\"form-field-field_270f47d\" class=\"elementor-field elementor-size-sm  elementor-field-textual\" placeholder=\"Este no es un servicio para mexicanos\" required=\"required\">\n\t\t\t\t\t\t\t\t\t\t\t<\/div>\n\t\t\t\t\t\t\t\t<div class=\"elementor-field-type-recaptcha elementor-field-group elementor-column elementor-field-group-field_d8594d6 elementor-col-100\">\n\t\t\t\t\t<div class=\"elementor-field\" id=\"form-field-field_d8594d6\"><div class=\"elementor-g-recaptcha\" data-sitekey=\"6LeaWH4rAAAAAMZWkknX3POEIZLgkoM_bnQMb9S0\" data-type=\"v2_checkbox\" data-theme=\"light\" data-size=\"normal\"><\/div><\/div>\t\t\t\t<\/div>\n\t\t\t\t\t\t\t\t<div class=\"elementor-field-group elementor-column elementor-field-type-submit elementor-col-30 e-form__buttons elementor-md-40 elementor-sm-100\">\n\t\t\t\t\t<button class=\"elementor-button elementor-size-sm\" type=\"submit\">\n\t\t\t\t\t\t<span class=\"elementor-button-content-wrapper\">\n\t\t\t\t\t\t\t\t\t\t\t\t\t\t\t\t\t\t\t\t\t\t<span class=\"elementor-button-text\">Contact Us<\/span>\n\t\t\t\t\t\t\t\t\t\t\t\t\t<\/span>\n\t\t\t\t\t<\/button>\n\t\t\t\t<\/div>\n\t\t\t<\/div>\n\t\t<\/form>\n\t\t\t\t\t\t<\/div>\n\t\t\t\t<\/div>\n\t\t\t\t<div class=\"elementor-element elementor-element-3eccbafa elementor-widget elementor-widget-text-editor\" data-id=\"3eccbafa\" data-element_type=\"widget\" data-widget_type=\"text-editor.default\">\n\t\t\t\t<div class=\"elementor-widget-container\">\n\t\t\t\t\t\t\t\t\t<p>Al pulsar Llegar, est\u00e1s aceptando nuestros T\u00e9rminos y Condiciones.<\/p>\t\t\t\t\t\t\t\t<\/div>\n\t\t\t\t<\/div>\n\t\t\t\t<div class=\"elementor-element elementor-element-2def8f8 elementor-widget elementor-widget-heading\" data-id=\"2def8f8\" data-element_type=\"widget\" data-widget_type=\"heading.default\">\n\t\t\t\t<div class=\"elementor-widget-container\">\n\t\t\t\t\t<h2 class=\"elementor-heading-title elementor-size-default\">IMPORTANTE!:\u00a0 Este no es un servicio para mexicanos, si eres MEXICANO, por favor no contactarnos ya que este servicio no es para ti.<\/h2>\t\t\t\t<\/div>\n\t\t\t\t<\/div>\n\t\t\t\t\t<\/div>\n\t\t\t\t<\/div>\n\t\t\t\t\t<\/div>\n\t\t\t\t<\/div>\n\t\t\t\t<\/div>\n\t\t","protected":false},"excerpt":{"rendered":"<p>Comprender las AFORE y el INFONAVIT Estamos aqu\u00ed para ayudar a los expatriados a navegar por el complejo mundo de las AFORE y el INFONAVIT, asegur\u00e1ndonos de que recuperes tus fondos con facilidad y eficacia. IMPORTANTE!:\u00a0 Este no es un servicio para mexicanos, si eres MEXICANO, por favor no contactarnos ya que este servicio no [&hellip;]<\/p>\n","protected":false},"author":1,"featured_media":0,"parent":0,"menu_order":0,"comment_status":"closed","ping_status":"closed","template":"","meta":{"_uag_custom_page_level_css":"","footnotes":""},"class_list":["post-3695","page","type-page","status-publish","hentry"],"aioseo_notices":[],"uagb_featured_image_src":{"full":false,"thumbnail":false,"medium":false,"medium_large":false,"large":false,"1536x1536":false,"2048x2048":false,"single-post-featured":false,"single-post-featured@2x":false,"about-bottom":false,"about-bottom@2x":false,"about-hero":false,"about-hero@2x":false},"uagb_author_info":{"display_name":"vga@vegaguerrero.com","author_link":"https:\/\/aforeback.com\/es\/author\/vgavegaguerrero-com\/"},"uagb_comment_info":0,"uagb_excerpt":"Comprender las AFORE y el INFONAVIT Estamos aqu\u00ed para ayudar a los expatriados a navegar por el complejo mundo de las AFORE y el INFONAVIT, asegur\u00e1ndonos de que recuperes tus fondos con facilidad y eficacia. IMPORTANTE!:\u00a0 Este no es un servicio para mexicanos, si eres MEXICANO, por favor no contactarnos ya que este servicio no&hellip;","_links":{"self":[{"href":"https:\/\/aforeback.com\/es\/wp-json\/wp\/v2\/pages\/3695","targetHints":{"allow":["GET"]}}],"collection":[{"href":"https:\/\/aforeback.com\/es\/wp-json\/wp\/v2\/pages"}],"about":[{"href":"https:\/\/aforeback.com\/es\/wp-json\/wp\/v2\/types\/page"}],"author":[{"embeddable":true,"href":"https:\/\/aforeback.com\/es\/wp-json\/wp\/v2\/users\/1"}],"replies":[{"embeddable":true,"href":"https:\/\/aforeback.com\/es\/wp-json\/wp\/v2\/comments?post=3695"}],"version-history":[{"count":31,"href":"https:\/\/aforeback.com\/es\/wp-json\/wp\/v2\/pages\/3695\/revisions"}],"predecessor-version":[{"id":3899,"href":"https:\/\/aforeback.com\/es\/wp-json\/wp\/v2\/pages\/3695\/revisions\/3899"}],"wp:attachment":[{"href":"https:\/\/aforeback.com\/es\/wp-json\/wp\/v2\/media?parent=3695"}],"curies":[{"name":"wp","href":"https:\/\/api.w.org\/{rel}","templated":true}]}}